{"id":8,"date":"2015-02-04T23:11:56","date_gmt":"2015-02-04T23:11:56","guid":{"rendered":"http:\/\/fidestrust.com.ec\/?page_id=8"},"modified":"2015-02-26T17:41:19","modified_gmt":"2015-02-26T17:41:19","slug":"quienes-somos","status":"publish","type":"page","link":"https:\/\/fidestrust.com.ec\/","title":{"rendered":"Quienes somos"},"content":{"rendered":"<section id=\"\"  class=\"light\"> <div class=\"container\">  <div class=\"row\"><div class=\"col-md-12  text-default\" ><div class=\"row horizontal_teaser\"><div class=\"col-sm-12 col-md-4 horizontal_teaser_text_left\"><h3>Quienes Somos<\/h3><p>Somos un equipo profesional y altamente calificado en estructurar productos Fiduciarios facilitadores de negocios con Agilidad, Eficiencia y Objetividad.<\/p>\n<p><strong>Misi\u00f3n<\/strong><\/p>\n<p>Contribuir con nuestra gesti\u00f3n y experiencia, constituy\u00e9ndonos en ser una herramienta decisiva en la consecuci\u00f3n de los objetivos de nuestros clientes.<\/p>\n<p><strong>Visi\u00f3n<\/strong><\/p>\n<p>Ser una administradora de Negocios Fiduciarios s\u00f3lida, reconocida siempre por su calidad y valor agregado convirti\u00e9ndose en la mejor opci\u00f3n de servicios en su rama en el Ecuador.<\/p>\n<\/div><div class=\"col-sm-12 col-md-8 horizontal_teaser_media_right\"><figure style=\"background-image:url(https:\/\/fidestrust.com.ec\/wp-content\/uploads\/2015\/02\/slide31.jpg)\"> <\/figure><\/div><\/div><div class=\"call_to_action\"><h3>NUESTRO COMPROMISO: <strong><span class=\"rotate\">Orientaci\u00f3n, Diligencia, Innovaci\u00f3n<\/span><\/strong><\/h3><h4>Soluciones a la medida de sus necesidades <\/h4><\/div><div class=\"row horizontal_teaser\"><div class=\"col-sm-12 col-md-4 horizontal_teaser_text_left\"><h3>Servicios Fiduciarios<\/h3><p>Es nuestro inter\u00e9s brindar el mejor servicio a cada uno de nuestros clientes, es por eso que estudiamos sus necesidades y dise\u00f1amos el negocio fiduciario correspondiente ajust\u00e1ndonos a las mismas, dentro de un marco de transparencia, legalidad y seguridad, ofreci\u00e9ndoles oportunamente las alternativas y soluciones que les permitan que sus proyectos se conviertan en realidad.<\/p>\n<\/div><div class=\"col-sm-12 col-md-8 horizontal_teaser_media_right\"><figure style=\"background-image:url(https:\/\/fidestrust.com.ec\/wp-content\/uploads\/2015\/02\/encargofiduciario.jpg)\"> <\/figure><\/div><\/div><\/div>  <\/div>  <\/div><\/section>\n","protected":false},"excerpt":{"rendered":"Quienes SomosSomos un equipo profesional y altamente calificado en estructurar productos Fiduciarios facilitadores de negocios con Agilidad, Eficiencia y Objetividad. Misi\u00f3n Contribuir con nuestra gesti\u00f3n y experiencia, constituy\u00e9ndonos en ser una herramienta decisiva en la consecuci\u00f3n de los objetivos de nuestros clientes. Visi\u00f3n Ser una administradora de Negocios Fiduciarios s\u00f3lida, reconocida siempre por su calidad [...]","protected":false},"author":1,"featured_media":0,"parent":0,"menu_order":0,"comment_status":"closed","ping_status":"closed","template":"","meta":{"footnotes":""},"_links":{"self":[{"href":"https:\/\/fidestrust.com.ec\/index.php?rest_route=\/wp\/v2\/pages\/8"}],"collection":[{"href":"https:\/\/fidestrust.com.ec\/index.php?rest_route=\/wp\/v2\/pages"}],"about":[{"href":"https:\/\/fidestrust.com.ec\/index.php?rest_route=\/wp\/v2\/types\/page"}],"author":[{"embeddable":true,"href":"https:\/\/fidestrust.com.ec\/index.php?rest_route=\/wp\/v2\/users\/1"}],"replies":[{"embeddable":true,"href":"https:\/\/fidestrust.com.ec\/index.php?rest_route=%2Fwp%2Fv2%2Fcomments&post=8"}],"version-history":[{"count":47,"href":"https:\/\/fidestrust.com.ec\/index.php?rest_route=\/wp\/v2\/pages\/8\/revisions"}],"predecessor-version":[{"id":198,"href":"https:\/\/fidestrust.com.ec\/index.php?rest_route=\/wp\/v2\/pages\/8\/revisions\/198"}],"wp:attachment":[{"href":"https:\/\/fidestrust.com.ec\/index.php?rest_route=%2Fwp%2Fv2%2Fmedia&parent=8"}],"curies":[{"name":"wp","href":"https:\/\/api.w.org\/{rel}","templated":true}]}}