{"id":62,"date":"2015-02-09T06:35:07","date_gmt":"2015-02-09T06:35:07","guid":{"rendered":"http:\/\/fidestrust.com.ec\/?page_id=62"},"modified":"2015-02-11T13:10:29","modified_gmt":"2015-02-11T13:10:29","slug":"fideicomisos-para-procesos-de-titularizacion","status":"publish","type":"page","link":"https:\/\/fidestrust.com.ec\/?page_id=62","title":{"rendered":"Fideicomisos para procesos de Titularizaci\u00f3n"},"content":{"rendered":"<section id=\"\"  class=\"light\"> <div class=\"container\">  <div class=\"row\"><div class=\"col-md-12  text-default\" ><div class=\"row horizontal_teaser\"><div class=\"col-sm-12 col-md-4 horizontal_teaser_text_left\"><h3>Fideicomisos para Procesos de Titularizaci\u00f3n<\/h3><p>En dichos procesos se emiten valores susceptibles de ser colocados y negociados libremente en el mercado burs\u00e1til, emitidos con cargo a un patrimonio aut\u00f3nomo. Para tales efectos, se aportan activos que existen o se espera que existan, que conlleven la expectativa de generar flujos futuros determinables, sea de fondos, sea de derechos de contenido econ\u00f3mico, respecto a los cuales su titular pueda disponer libremente.<\/p>\n<\/div><div class=\"col-sm-12 col-md-8 horizontal_teaser_media_right\"><figure style=\"background-image:url(https:\/\/fidestrust.com.ec\/wp-content\/uploads\/2015\/02\/legal_13.jpg)\"> <\/figure><\/div><\/div><\/div>  <\/div>  <\/div><\/section><section id=\"\"  class=\"light\"> <div class=\"container\">  <div class=\"row\"><div class=\"col-md-12  text-default\" ><div class='feature_teaser'>\n  <h3>De acuerdo con la Ley, son activos susceptibles de titularizaci\u00f3n:<\/h3>\n<p>1. Valores representativos de deuda p\u00fablica;<br \/>\n2. Valores inscritos en el Registro del Mercado de Valores;<br \/>\n3. Cartera de cr\u00e9dito;<br \/>\n4. Activos y proyectos inmobiliarios; y,<br \/>\n5. Activos o proyectos susceptibles de generar flujos futuros determinables con base en estad\u00edsticas de los \u00faltimos tres a\u00f1os o en proyecciones de por lo menos tres a\u00f1os consecutivos, seg\u00fan corresponda.<\/p>\n\n<\/div><\/div>  <\/div>  <\/div><\/section>\n","protected":false},"excerpt":{"rendered":"Fideicomisos para Procesos de Titularizaci\u00f3nEn dichos procesos se emiten valores susceptibles de ser colocados y negociados libremente en el mercado burs\u00e1til, emitidos con cargo a un patrimonio aut\u00f3nomo. Para tales efectos, se aportan activos que existen o se espera que existan, que conlleven la expectativa de generar flujos futuros determinables, sea de fondos, sea de [...]","protected":false},"author":1,"featured_media":0,"parent":0,"menu_order":0,"comment_status":"closed","ping_status":"closed","template":"","meta":{"footnotes":""},"_links":{"self":[{"href":"https:\/\/fidestrust.com.ec\/index.php?rest_route=\/wp\/v2\/pages\/62"}],"collection":[{"href":"https:\/\/fidestrust.com.ec\/index.php?rest_route=\/wp\/v2\/pages"}],"about":[{"href":"https:\/\/fidestrust.com.ec\/index.php?rest_route=\/wp\/v2\/types\/page"}],"author":[{"embeddable":true,"href":"https:\/\/fidestrust.com.ec\/index.php?rest_route=\/wp\/v2\/users\/1"}],"replies":[{"embeddable":true,"href":"https:\/\/fidestrust.com.ec\/index.php?rest_route=%2Fwp%2Fv2%2Fcomments&post=62"}],"version-history":[{"count":7,"href":"https:\/\/fidestrust.com.ec\/index.php?rest_route=\/wp\/v2\/pages\/62\/revisions"}],"predecessor-version":[{"id":133,"href":"https:\/\/fidestrust.com.ec\/index.php?rest_route=\/wp\/v2\/pages\/62\/revisions\/133"}],"wp:attachment":[{"href":"https:\/\/fidestrust.com.ec\/index.php?rest_route=%2Fwp%2Fv2%2Fmedia&parent=62"}],"curies":[{"name":"wp","href":"https:\/\/api.w.org\/{rel}","templated":true}]}}