{"id":56,"date":"2015-02-09T06:34:05","date_gmt":"2015-02-09T06:34:05","guid":{"rendered":"http:\/\/fidestrust.com.ec\/?page_id=56"},"modified":"2015-02-11T13:10:07","modified_gmt":"2015-02-11T13:10:07","slug":"fideicomisos-de-garantia","status":"publish","type":"page","link":"https:\/\/fidestrust.com.ec\/?page_id=56","title":{"rendered":"Fideicomisos de Garant\u00eda"},"content":{"rendered":"<section id=\"\"  class=\"light\"> <div class=\"container\">  <div class=\"row\"><div class=\"col-md-12  text-default\" ><div class=\"row horizontal_teaser\"><div class=\"col-sm-12 col-md-4 horizontal_teaser_text_left\"><h3>Fideicomisos de garant\u00eda<\/h3><p>En este tipo de contratos, la propiedad de uno o varios bienes, son aportados a t\u00edtulo del fideicomiso mercantil al patrimonio aut\u00f3nomo, para garantizar con ellos y\/o con su producto, el cumplimiento de una o varias obligaciones claramente determinadas en el mismo contrato.<\/p>\n<\/div><div class=\"col-sm-12 col-md-8 horizontal_teaser_media_right\"><figure style=\"background-image:url(https:\/\/fidestrust.com.ec\/wp-content\/uploads\/2015\/02\/T20420130118largeNote6.jpg)\"> <\/figure><\/div><\/div><\/div>  <\/div>  <\/div><\/section>\n","protected":false},"excerpt":{"rendered":"Fideicomisos de garant\u00edaEn este tipo de contratos, la propiedad de uno o varios bienes, son aportados a t\u00edtulo del fideicomiso mercantil al patrimonio aut\u00f3nomo, para garantizar con ellos y\/o con su producto, el cumplimiento de una o varias obligaciones claramente determinadas en el mismo contrato.","protected":false},"author":1,"featured_media":0,"parent":0,"menu_order":0,"comment_status":"closed","ping_status":"closed","template":"","meta":{"footnotes":""},"_links":{"self":[{"href":"https:\/\/fidestrust.com.ec\/index.php?rest_route=\/wp\/v2\/pages\/56"}],"collection":[{"href":"https:\/\/fidestrust.com.ec\/index.php?rest_route=\/wp\/v2\/pages"}],"about":[{"href":"https:\/\/fidestrust.com.ec\/index.php?rest_route=\/wp\/v2\/types\/page"}],"author":[{"embeddable":true,"href":"https:\/\/fidestrust.com.ec\/index.php?rest_route=\/wp\/v2\/users\/1"}],"replies":[{"embeddable":true,"href":"https:\/\/fidestrust.com.ec\/index.php?rest_route=%2Fwp%2Fv2%2Fcomments&post=56"}],"version-history":[{"count":3,"href":"https:\/\/fidestrust.com.ec\/index.php?rest_route=\/wp\/v2\/pages\/56\/revisions"}],"predecessor-version":[{"id":131,"href":"https:\/\/fidestrust.com.ec\/index.php?rest_route=\/wp\/v2\/pages\/56\/revisions\/131"}],"wp:attachment":[{"href":"https:\/\/fidestrust.com.ec\/index.php?rest_route=%2Fwp%2Fv2%2Fmedia&parent=56"}],"curies":[{"name":"wp","href":"https:\/\/api.w.org\/{rel}","templated":true}]}}